{"id":5509,"date":"2025-03-14T13:34:29","date_gmt":"2025-03-14T12:34:29","guid":{"rendered":"https:\/\/pratt-soehne.wux.dev\/klantcases\/"},"modified":"2025-07-15T16:29:33","modified_gmt":"2025-07-15T14:29:33","slug":"klantcases","status":"publish","type":"page","link":"https:\/\/pratt-soehne.com\/nl\/klantcases\/","title":{"rendered":"Klantcases"},"content":{"rendered":"<div class=\"fusion-fullwidth fullwidth-box fusion-builder-row-1 fusion-flex-container has-pattern-background has-mask-background nonhundred-percent-fullwidth non-hundred-percent-height-scrolling\" style=\"--awb-border-radius-top-left:0px;--awb-border-radius-top-right:0px;--awb-border-radius-bottom-right:0px;--awb-border-radius-bottom-left:0px;--awb-padding-top:150px;--awb-padding-top-small:100px;--awb-flex-wrap:wrap;\" ><div class=\"fusion-builder-row fusion-row fusion-flex-align-items-flex-start fusion-flex-content-wrap\" style=\"max-width:1560px;margin-left: calc(-4% \/ 2 );margin-right: calc(-4% \/ 2 );\"><div class=\"fusion-layout-column fusion_builder_column fusion-builder-column-0 fusion_builder_column_1_1 1_1 fusion-flex-column\" style=\"--awb-bg-size:cover;--awb-width-large:100%;--awb-margin-top-large:0px;--awb-spacing-right-large:1.92%;--awb-margin-bottom-large:20px;--awb-spacing-left-large:1.92%;--awb-width-medium:100%;--awb-order-medium:0;--awb-spacing-right-medium:1.92%;--awb-spacing-left-medium:1.92%;--awb-width-small:100%;--awb-order-small:0;--awb-spacing-right-small:1.92%;--awb-spacing-left-small:1.92%;\" data-scroll-devices=\"small-visibility,medium-visibility,large-visibility\"><div class=\"fusion-column-wrapper fusion-column-has-shadow fusion-flex-justify-content-flex-start fusion-content-layout-column\"><div class=\"fusion-title title fusion-title-1 fusion-sep-none fusion-title-text fusion-title-size-one\" style=\"--awb-margin-top-small:10px;--awb-margin-right-small:0px;--awb-margin-bottom-small:10px;--awb-margin-left-small:0px;\"><h1 class=\"fusion-title-heading title-heading-left fusion-responsive-typography-calculated\" style=\"margin:0;--fontSize:42;line-height:var(--awb-typography1-line-height);\">Klantcases<\/h1><\/div><div class=\"fusion-text fusion-text-1\"><p>Onze pergola\u2019s en overkappingen maken buitenleven comfortabeler, stijlvoller en duurzamer. Maar hoe ervaren onze klanten dit in de praktijk? Lees hun verhalen en ontdek hoe een Pratt &amp; S\u00f6hne pergola het buitenleven transformeert \u2013 van gezellige avonden tot beschutte plekken in weer en wind.<\/p>\n<\/div><\/div><\/div><div class=\"fusion-layout-column fusion_builder_column fusion-builder-column-1 fusion_builder_column_1_2 1_2 fusion-flex-column\" style=\"--awb-bg-size:cover;--awb-box-shadow:0px 0px 10px 2px rgba(28,28,28,0.1);;--awb-width-large:50%;--awb-margin-top-large:0px;--awb-spacing-right-large:3.84%;--awb-margin-bottom-large:20px;--awb-spacing-left-large:3.84%;--awb-width-medium:50%;--awb-order-medium:0;--awb-spacing-right-medium:3.84%;--awb-spacing-left-medium:3.84%;--awb-width-small:100%;--awb-order-small:0;--awb-spacing-right-small:1.92%;--awb-spacing-left-small:1.92%;\" data-scroll-devices=\"small-visibility,medium-visibility,large-visibility\"><div class=\"fusion-column-wrapper fusion-column-has-shadow fusion-flex-justify-content-flex-start fusion-content-layout-column\"><div class=\"fusion-image-element \" style=\"--awb-margin-top:8.33%;--awb-margin-right:8.33%;--awb-margin-left:8.33%;--awb-caption-title-font-family:var(--h2_typography-font-family);--awb-caption-title-font-weight:var(--h2_typography-font-weight);--awb-caption-title-font-style:var(--h2_typography-font-style);--awb-caption-title-size:var(--h2_typography-font-size);--awb-caption-title-transform:var(--h2_typography-text-transform);--awb-caption-title-line-height:var(--h2_typography-line-height);--awb-caption-title-letter-spacing:var(--h2_typography-letter-spacing);\"><span class=\" fusion-imageframe imageframe-none imageframe-1 hover-type-none\"><img decoding=\"async\" width=\"1920\" height=\"1080\" src=\"https:\/\/pratt-soehne.com\/wp-content\/uploads\/Testimonial-Jimmy-at-Work_Bodegraven.00_00_53_15.Still001-min.webp\" data-orig-src=\"https:\/\/pratt-soehne.com\/wp-content\/uploads\/Testimonial-Jimmy-at-Work_Bodegraven.00_00_53_15.Still001-min.webp\" alt class=\"lazyload img-responsive wp-image-5103\" srcset=\"data:image\/svg+xml,%3Csvg%20xmlns%3D%27http%3A%2F%2Fwww.w3.org%2F2000%2Fsvg%27%20width%3D%271920%27%20height%3D%271080%27%20viewBox%3D%270%200%201920%201080%27%3E%3Crect%20width%3D%271920%27%20height%3D%271080%27%20fill-opacity%3D%220%22%2F%3E%3C%2Fsvg%3E\" data-srcset=\"https:\/\/pratt-soehne.com\/wp-content\/uploads\/Testimonial-Jimmy-at-Work_Bodegraven.00_00_53_15.Still001-min-200x113.webp 200w, https:\/\/pratt-soehne.com\/wp-content\/uploads\/Testimonial-Jimmy-at-Work_Bodegraven.00_00_53_15.Still001-min-400x225.webp 400w, https:\/\/pratt-soehne.com\/wp-content\/uploads\/Testimonial-Jimmy-at-Work_Bodegraven.00_00_53_15.Still001-min-600x338.webp 600w, https:\/\/pratt-soehne.com\/wp-content\/uploads\/Testimonial-Jimmy-at-Work_Bodegraven.00_00_53_15.Still001-min-800x450.webp 800w, https:\/\/pratt-soehne.com\/wp-content\/uploads\/Testimonial-Jimmy-at-Work_Bodegraven.00_00_53_15.Still001-min-1200x675.webp 1200w, https:\/\/pratt-soehne.com\/wp-content\/uploads\/Testimonial-Jimmy-at-Work_Bodegraven.00_00_53_15.Still001-min.webp 1920w\" data-sizes=\"auto\" data-orig-sizes=\"(max-width: 640px) 100vw, 800px\" \/><\/span><\/div><div class=\"fusion-title title fusion-title-2 fusion-sep-none fusion-title-text fusion-title-size-two\" style=\"--awb-margin-top:20px;--awb-margin-right:8.33%;--awb-margin-left:8.33%;--awb-margin-top-small:10px;--awb-margin-right-small:8.33%;--awb-margin-bottom-small:10px;--awb-margin-left-small:8.33%;\"><h2 class=\"fusion-title-heading title-heading-left fusion-responsive-typography-calculated\" style=\"margin:0;--fontSize:24;line-height:var(--awb-typography1-line-height);\">Arjan, Bodegraven (NL)<\/h2><\/div><div class=\"fusion-text fusion-text-2 fusion-text-no-margin\" style=\"--awb-font-size:var(--awb-typography4-font-size);--awb-line-height:var(--awb-typography4-line-height);--awb-letter-spacing:var(--awb-typography4-letter-spacing);--awb-text-transform:var(--awb-typography4-text-transform);--awb-text-color:var(--awb-color4);--awb-margin-right:8.33%;--awb-margin-bottom:10px;--awb-margin-left:8.33%;--awb-text-font-family:&quot;canada-type-gibson&quot;;--awb-text-font-style:italic;--awb-text-font-weight:300;\"><p>California pergola | 2024<\/p>\n<\/div><div class=\"fusion-text fusion-text-3\" style=\"--awb-margin-right:8.33%;--awb-margin-left:8.33%;\"><p>In het winderige Groene Hart zocht Arjan een pergola die niet alleen functioneel, maar ook ijzersterk is. Met de Pratt &amp; S\u00f6hne California 6 \u00d7 4 m vond hij precies wat hij nodig had.<\/p>\n<\/div><div ><a class=\"fusion-button button-flat fusion-button-default-size button-default fusion-button-default button-1 fusion-button-default-span fusion-button-default-type\" style=\"--button_margin-right:8.33%;--button_margin-bottom:8.33%;--button_margin-left:8.33%;\" target=\"_self\" href=\"https:\/\/pratt-soehne.com\/nl\/klantcases\/arjan-bodegraven\/\"><span class=\"fusion-button-text awb-button__text awb-button__text--default\">Bekijk meer<\/span><\/a><\/div><\/div><\/div><div class=\"fusion-layout-column fusion_builder_column fusion-builder-column-2 fusion_builder_column_1_2 1_2 fusion-flex-column\" style=\"--awb-bg-size:cover;--awb-box-shadow:0px 0px 10px 2px rgba(28,28,28,0.1);;--awb-width-large:50%;--awb-margin-top-large:0px;--awb-spacing-right-large:3.84%;--awb-margin-bottom-large:20px;--awb-spacing-left-large:3.84%;--awb-width-medium:50%;--awb-order-medium:0;--awb-spacing-right-medium:3.84%;--awb-spacing-left-medium:3.84%;--awb-width-small:100%;--awb-order-small:0;--awb-spacing-right-small:1.92%;--awb-spacing-left-small:1.92%;\" data-scroll-devices=\"small-visibility,medium-visibility,large-visibility\"><div class=\"fusion-column-wrapper fusion-column-has-shadow fusion-flex-justify-content-flex-start fusion-content-layout-column\"><div class=\"fusion-image-element \" style=\"--awb-margin-top:8.33%;--awb-margin-right:8.33%;--awb-margin-left:8.33%;--awb-caption-title-font-family:var(--h2_typography-font-family);--awb-caption-title-font-weight:var(--h2_typography-font-weight);--awb-caption-title-font-style:var(--h2_typography-font-style);--awb-caption-title-size:var(--h2_typography-font-size);--awb-caption-title-transform:var(--h2_typography-text-transform);--awb-caption-title-line-height:var(--h2_typography-line-height);--awb-caption-title-letter-spacing:var(--h2_typography-letter-spacing);\"><span class=\" fusion-imageframe imageframe-none imageframe-2 hover-type-none\"><img decoding=\"async\" width=\"1920\" height=\"1080\" src=\"https:\/\/pratt-soehne.com\/wp-content\/uploads\/Sequence-01.00_00_59_06.Still001-min.webp\" data-orig-src=\"https:\/\/pratt-soehne.com\/wp-content\/uploads\/Sequence-01.00_00_59_06.Still001-min.webp\" alt class=\"lazyload img-responsive wp-image-5106\" srcset=\"data:image\/svg+xml,%3Csvg%20xmlns%3D%27http%3A%2F%2Fwww.w3.org%2F2000%2Fsvg%27%20width%3D%271920%27%20height%3D%271080%27%20viewBox%3D%270%200%201920%201080%27%3E%3Crect%20width%3D%271920%27%20height%3D%271080%27%20fill-opacity%3D%220%22%2F%3E%3C%2Fsvg%3E\" data-srcset=\"https:\/\/pratt-soehne.com\/wp-content\/uploads\/Sequence-01.00_00_59_06.Still001-min-200x113.webp 200w, https:\/\/pratt-soehne.com\/wp-content\/uploads\/Sequence-01.00_00_59_06.Still001-min-400x225.webp 400w, https:\/\/pratt-soehne.com\/wp-content\/uploads\/Sequence-01.00_00_59_06.Still001-min-600x338.webp 600w, https:\/\/pratt-soehne.com\/wp-content\/uploads\/Sequence-01.00_00_59_06.Still001-min-800x450.webp 800w, https:\/\/pratt-soehne.com\/wp-content\/uploads\/Sequence-01.00_00_59_06.Still001-min-1200x675.webp 1200w, https:\/\/pratt-soehne.com\/wp-content\/uploads\/Sequence-01.00_00_59_06.Still001-min.webp 1920w\" data-sizes=\"auto\" data-orig-sizes=\"(max-width: 640px) 100vw, 800px\" \/><\/span><\/div><div class=\"fusion-title title fusion-title-3 fusion-sep-none fusion-title-text fusion-title-size-two\" style=\"--awb-margin-top:20px;--awb-margin-right:8.33%;--awb-margin-left:8.33%;--awb-margin-top-small:10px;--awb-margin-right-small:8.33%;--awb-margin-bottom-small:10px;--awb-margin-left-small:8.33%;\"><h2 class=\"fusion-title-heading title-heading-left fusion-responsive-typography-calculated\" style=\"margin:0;--fontSize:24;line-height:var(--awb-typography1-line-height);\">Yves, Genk (BE)<\/h2><\/div><div class=\"fusion-text fusion-text-4 fusion-text-no-margin\" style=\"--awb-font-size:var(--awb-typography4-font-size);--awb-line-height:var(--awb-typography4-line-height);--awb-letter-spacing:var(--awb-typography4-letter-spacing);--awb-text-transform:var(--awb-typography4-text-transform);--awb-text-color:var(--awb-color4);--awb-margin-right:8.33%;--awb-margin-bottom:10px;--awb-margin-left:8.33%;--awb-text-font-family:&quot;canada-type-gibson&quot;;--awb-text-font-style:italic;--awb-text-font-weight:300;\"><p>Rivi\u00e8ra pergola | 2024<\/p>\n<\/div><div class=\"fusion-text fusion-text-5\" style=\"--awb-margin-right:8.33%;--awb-margin-left:8.33%;\"><p>Yves uit Genk wilde een pergola die jarenlang meegaat zonder in te leveren op kwaliteit. Na een minder stevige supermarktvariant koos hij voor de Pratt &amp; S\u00f6hne Rivi\u00e8ra 4 \u00d7 3 m.<\/p>\n<\/div><div ><a class=\"fusion-button button-flat fusion-button-default-size button-default fusion-button-default button-2 fusion-button-default-span fusion-button-default-type\" style=\"--button_margin-right:8.33%;--button_margin-bottom:8.33%;--button_margin-left:8.33%;\" target=\"_self\" href=\"https:\/\/pratt-soehne.com\/nl\/klantcases\/yves-genk\/\"><span class=\"fusion-button-text awb-button__text awb-button__text--default\">Bekijk meer<\/span><\/a><\/div><\/div><\/div><\/div><\/div>\n","protected":false},"excerpt":{"rendered":"","protected":false},"author":2,"featured_media":5376,"parent":0,"menu_order":0,"comment_status":"closed","ping_status":"closed","template":"100-width.php","meta":{"footnotes":""},"class_list":["post-5509","page","type-page","status-publish","has-post-thumbnail","hentry"],"yoast_head":"<!-- This site is optimized with the Yoast SEO plugin v27.3 - https:\/\/yoast.com\/product\/yoast-seo-wordpress\/ -->\n<title>Klantcases | Pratt &amp; S\u00f6hne<\/title>\n<meta name=\"description\" content=\"Lees hoe klanten hun Pratt &amp; S\u00f6hne pergola, terrasoverkapping of carport ervaren. Ontdek hun verhalen en laat je inspireren!\" \/>\n<meta name=\"robots\" content=\"index, follow, max-snippet:-1, max-image-preview:large, max-video-preview:-1\" \/>\n<link rel=\"canonical\" href=\"https:\/\/pratt-soehne.com\/nl\/klantcases\/\" \/>\n<meta property=\"og:locale\" content=\"nl_NL\" \/>\n<meta property=\"og:type\" content=\"article\" \/>\n<meta property=\"og:title\" content=\"Klantcases | Pratt &amp; S\u00f6hne\" \/>\n<meta property=\"og:description\" content=\"Lees hoe klanten hun Pratt &amp; S\u00f6hne pergola, terrasoverkapping of carport ervaren. Ontdek hun verhalen en laat je inspireren!\" \/>\n<meta property=\"og:url\" content=\"https:\/\/pratt-soehne.com\/nl\/klantcases\/\" \/>\n<meta property=\"og:site_name\" content=\"Pratt &amp; S\u00f6hne\" \/>\n<meta property=\"article:modified_time\" content=\"2025-07-15T14:29:33+00:00\" \/>\n<meta property=\"og:image\" content=\"https:\/\/pratt-soehne.com\/wp-content\/uploads\/PS-SEO-afb_Tekengebied-1-kopie-4.webp\" \/>\n\t<meta property=\"og:image:width\" content=\"2250\" \/>\n\t<meta property=\"og:image:height\" content=\"2250\" \/>\n\t<meta property=\"og:image:type\" content=\"image\/webp\" \/>\n<meta name=\"twitter:card\" content=\"summary_large_image\" \/>\n<meta name=\"twitter:label1\" content=\"Geschatte leestijd\" \/>\n\t<meta name=\"twitter:data1\" content=\"2 minuten\" \/>\n<script type=\"application\/ld+json\" class=\"yoast-schema-graph\">{\"@context\":\"https:\\\/\\\/schema.org\",\"@graph\":[{\"@type\":\"WebPage\",\"@id\":\"https:\\\/\\\/pratt-soehne.com\\\/nl\\\/klantcases\\\/\",\"url\":\"https:\\\/\\\/pratt-soehne.com\\\/nl\\\/klantcases\\\/\",\"name\":\"Klantcases | Pratt &amp; S\u00f6hne\",\"isPartOf\":{\"@id\":\"https:\\\/\\\/pratt-soehne.com\\\/nl\\\/#website\"},\"primaryImageOfPage\":{\"@id\":\"https:\\\/\\\/pratt-soehne.com\\\/nl\\\/klantcases\\\/#primaryimage\"},\"image\":{\"@id\":\"https:\\\/\\\/pratt-soehne.com\\\/nl\\\/klantcases\\\/#primaryimage\"},\"thumbnailUrl\":\"https:\\\/\\\/pratt-soehne.com\\\/wp-content\\\/uploads\\\/PS-SEO-afb_Tekengebied-1-kopie-4.webp\",\"datePublished\":\"2025-03-14T12:34:29+00:00\",\"dateModified\":\"2025-07-15T14:29:33+00:00\",\"description\":\"Lees hoe klanten hun Pratt & S\u00f6hne pergola, terrasoverkapping of carport ervaren. Ontdek hun verhalen en laat je inspireren!\",\"breadcrumb\":{\"@id\":\"https:\\\/\\\/pratt-soehne.com\\\/nl\\\/klantcases\\\/#breadcrumb\"},\"inLanguage\":\"nl-NL\",\"potentialAction\":[{\"@type\":\"ReadAction\",\"target\":[\"https:\\\/\\\/pratt-soehne.com\\\/nl\\\/klantcases\\\/\"]}]},{\"@type\":\"ImageObject\",\"inLanguage\":\"nl-NL\",\"@id\":\"https:\\\/\\\/pratt-soehne.com\\\/nl\\\/klantcases\\\/#primaryimage\",\"url\":\"https:\\\/\\\/pratt-soehne.com\\\/wp-content\\\/uploads\\\/PS-SEO-afb_Tekengebied-1-kopie-4.webp\",\"contentUrl\":\"https:\\\/\\\/pratt-soehne.com\\\/wp-content\\\/uploads\\\/PS-SEO-afb_Tekengebied-1-kopie-4.webp\",\"width\":2250,\"height\":2250},{\"@type\":\"BreadcrumbList\",\"@id\":\"https:\\\/\\\/pratt-soehne.com\\\/nl\\\/klantcases\\\/#breadcrumb\",\"itemListElement\":[{\"@type\":\"ListItem\",\"position\":1,\"name\":\"Home\",\"item\":\"https:\\\/\\\/pratt-soehne.com\\\/nl\\\/\"},{\"@type\":\"ListItem\",\"position\":2,\"name\":\"Klantcases\"}]},{\"@type\":\"WebSite\",\"@id\":\"https:\\\/\\\/pratt-soehne.com\\\/nl\\\/#website\",\"url\":\"https:\\\/\\\/pratt-soehne.com\\\/nl\\\/\",\"name\":\"Pratt & S\u00f6hne\",\"description\":\"Outdoor living\",\"publisher\":{\"@id\":\"https:\\\/\\\/pratt-soehne.com\\\/nl\\\/#organization\"},\"potentialAction\":[{\"@type\":\"SearchAction\",\"target\":{\"@type\":\"EntryPoint\",\"urlTemplate\":\"https:\\\/\\\/pratt-soehne.com\\\/nl\\\/?s={search_term_string}\"},\"query-input\":{\"@type\":\"PropertyValueSpecification\",\"valueRequired\":true,\"valueName\":\"search_term_string\"}}],\"inLanguage\":\"nl-NL\"},{\"@type\":\"Organization\",\"@id\":\"https:\\\/\\\/pratt-soehne.com\\\/nl\\\/#organization\",\"name\":\"Pratt & S\u00f6hne\",\"url\":\"https:\\\/\\\/pratt-soehne.com\\\/nl\\\/\",\"logo\":{\"@type\":\"ImageObject\",\"inLanguage\":\"nl-NL\",\"@id\":\"https:\\\/\\\/pratt-soehne.com\\\/nl\\\/#\\\/schema\\\/logo\\\/image\\\/\",\"url\":\"https:\\\/\\\/pratt-soehne.com\\\/wp-content\\\/uploads\\\/PenS-logo.svg\",\"contentUrl\":\"https:\\\/\\\/pratt-soehne.com\\\/wp-content\\\/uploads\\\/PenS-logo.svg\",\"width\":1920,\"height\":444,\"caption\":\"Pratt & S\u00f6hne\"},\"image\":{\"@id\":\"https:\\\/\\\/pratt-soehne.com\\\/nl\\\/#\\\/schema\\\/logo\\\/image\\\/\"}}]}<\/script>\n<!-- \/ Yoast SEO plugin. -->","yoast_head_json":{"title":"Klantcases | Pratt &amp; S\u00f6hne","description":"Lees hoe klanten hun Pratt & S\u00f6hne pergola, terrasoverkapping of carport ervaren. Ontdek hun verhalen en laat je inspireren!","robots":{"index":"index","follow":"follow","max-snippet":"max-snippet:-1","max-image-preview":"max-image-preview:large","max-video-preview":"max-video-preview:-1"},"canonical":"https:\/\/pratt-soehne.com\/nl\/klantcases\/","og_locale":"nl_NL","og_type":"article","og_title":"Klantcases | Pratt &amp; S\u00f6hne","og_description":"Lees hoe klanten hun Pratt & S\u00f6hne pergola, terrasoverkapping of carport ervaren. Ontdek hun verhalen en laat je inspireren!","og_url":"https:\/\/pratt-soehne.com\/nl\/klantcases\/","og_site_name":"Pratt &amp; S\u00f6hne","article_modified_time":"2025-07-15T14:29:33+00:00","og_image":[{"width":2250,"height":2250,"url":"https:\/\/pratt-soehne.com\/wp-content\/uploads\/PS-SEO-afb_Tekengebied-1-kopie-4.webp","type":"image\/webp"}],"twitter_card":"summary_large_image","twitter_misc":{"Geschatte leestijd":"2 minuten"},"schema":{"@context":"https:\/\/schema.org","@graph":[{"@type":"WebPage","@id":"https:\/\/pratt-soehne.com\/nl\/klantcases\/","url":"https:\/\/pratt-soehne.com\/nl\/klantcases\/","name":"Klantcases | Pratt &amp; S\u00f6hne","isPartOf":{"@id":"https:\/\/pratt-soehne.com\/nl\/#website"},"primaryImageOfPage":{"@id":"https:\/\/pratt-soehne.com\/nl\/klantcases\/#primaryimage"},"image":{"@id":"https:\/\/pratt-soehne.com\/nl\/klantcases\/#primaryimage"},"thumbnailUrl":"https:\/\/pratt-soehne.com\/wp-content\/uploads\/PS-SEO-afb_Tekengebied-1-kopie-4.webp","datePublished":"2025-03-14T12:34:29+00:00","dateModified":"2025-07-15T14:29:33+00:00","description":"Lees hoe klanten hun Pratt & S\u00f6hne pergola, terrasoverkapping of carport ervaren. Ontdek hun verhalen en laat je inspireren!","breadcrumb":{"@id":"https:\/\/pratt-soehne.com\/nl\/klantcases\/#breadcrumb"},"inLanguage":"nl-NL","potentialAction":[{"@type":"ReadAction","target":["https:\/\/pratt-soehne.com\/nl\/klantcases\/"]}]},{"@type":"ImageObject","inLanguage":"nl-NL","@id":"https:\/\/pratt-soehne.com\/nl\/klantcases\/#primaryimage","url":"https:\/\/pratt-soehne.com\/wp-content\/uploads\/PS-SEO-afb_Tekengebied-1-kopie-4.webp","contentUrl":"https:\/\/pratt-soehne.com\/wp-content\/uploads\/PS-SEO-afb_Tekengebied-1-kopie-4.webp","width":2250,"height":2250},{"@type":"BreadcrumbList","@id":"https:\/\/pratt-soehne.com\/nl\/klantcases\/#breadcrumb","itemListElement":[{"@type":"ListItem","position":1,"name":"Home","item":"https:\/\/pratt-soehne.com\/nl\/"},{"@type":"ListItem","position":2,"name":"Klantcases"}]},{"@type":"WebSite","@id":"https:\/\/pratt-soehne.com\/nl\/#website","url":"https:\/\/pratt-soehne.com\/nl\/","name":"Pratt & S\u00f6hne","description":"Outdoor living","publisher":{"@id":"https:\/\/pratt-soehne.com\/nl\/#organization"},"potentialAction":[{"@type":"SearchAction","target":{"@type":"EntryPoint","urlTemplate":"https:\/\/pratt-soehne.com\/nl\/?s={search_term_string}"},"query-input":{"@type":"PropertyValueSpecification","valueRequired":true,"valueName":"search_term_string"}}],"inLanguage":"nl-NL"},{"@type":"Organization","@id":"https:\/\/pratt-soehne.com\/nl\/#organization","name":"Pratt & S\u00f6hne","url":"https:\/\/pratt-soehne.com\/nl\/","logo":{"@type":"ImageObject","inLanguage":"nl-NL","@id":"https:\/\/pratt-soehne.com\/nl\/#\/schema\/logo\/image\/","url":"https:\/\/pratt-soehne.com\/wp-content\/uploads\/PenS-logo.svg","contentUrl":"https:\/\/pratt-soehne.com\/wp-content\/uploads\/PenS-logo.svg","width":1920,"height":444,"caption":"Pratt & S\u00f6hne"},"image":{"@id":"https:\/\/pratt-soehne.com\/nl\/#\/schema\/logo\/image\/"}}]}},"_links":{"self":[{"href":"https:\/\/pratt-soehne.com\/nl\/wp-json\/wp\/v2\/pages\/5509","targetHints":{"allow":["GET"]}}],"collection":[{"href":"https:\/\/pratt-soehne.com\/nl\/wp-json\/wp\/v2\/pages"}],"about":[{"href":"https:\/\/pratt-soehne.com\/nl\/wp-json\/wp\/v2\/types\/page"}],"author":[{"embeddable":true,"href":"https:\/\/pratt-soehne.com\/nl\/wp-json\/wp\/v2\/users\/2"}],"replies":[{"embeddable":true,"href":"https:\/\/pratt-soehne.com\/nl\/wp-json\/wp\/v2\/comments?post=5509"}],"version-history":[{"count":3,"href":"https:\/\/pratt-soehne.com\/nl\/wp-json\/wp\/v2\/pages\/5509\/revisions"}],"predecessor-version":[{"id":5549,"href":"https:\/\/pratt-soehne.com\/nl\/wp-json\/wp\/v2\/pages\/5509\/revisions\/5549"}],"wp:featuredmedia":[{"embeddable":true,"href":"https:\/\/pratt-soehne.com\/nl\/wp-json\/wp\/v2\/media\/5376"}],"wp:attachment":[{"href":"https:\/\/pratt-soehne.com\/nl\/wp-json\/wp\/v2\/media?parent=5509"}],"curies":[{"name":"wp","href":"https:\/\/api.w.org\/{rel}","templated":true}]}}